{"id":801,"date":"2024-02-15T17:11:29","date_gmt":"2024-02-15T16:11:29","guid":{"rendered":"https:\/\/impact-startup.fr\/?page_id=801"},"modified":"2026-02-13T15:54:00","modified_gmt":"2026-02-13T14:54:00","slug":"sainte-marie-la-mer","status":"publish","type":"page","link":"https:\/\/impact-startup.fr\/index.php\/sainte-marie-la-mer\/","title":{"rendered":"Sainte-Marie-La-Mer"},"content":{"rendered":"\n<div class=\"section-wrapper\" data-id=\"CMug3y\"><section class=\"wp-block-gutenverse-section guten-element guten-section guten-CMug3y layout-boxed align-stretch\"><div class=\"guten-background-overlay\"><\/div><div class=\"guten-shape-divider guten-shape-divider-top\"><\/div><div class=\"guten-shape-divider guten-shape-divider-bottom\"><\/div><div class=\"guten-container guten-column-gap-default\">\n<div class=\"wp-block-gutenverse-column guten-element guten-column guten-KUaNaN\"><div class=\"guten-background-overlay\"><\/div><div class=\"sticky-wrapper\" data-id=\"KUaNaN\"><div class=\"guten-column-wrapper\">\n<div class=\"wp-block-gutenverse-image guten-element guten-image guten-RWgiOl\"><a class=\"guten-image-wrapper\"><img loading=\"lazy\" decoding=\"async\" class=\"gutenverse-image-box-filled\" src=\"http:\/\/impact-startup.fr\/wp-content\/uploads\/2024\/02\/sainte-marie.png\" height=\"500\" width=\"885\"\/><\/a><\/div>\n<\/div><\/div><\/div>\n\n\n\n<div class=\"wp-block-gutenverse-column guten-element guten-column guten-wRY9HC\"><div class=\"guten-background-overlay\"><\/div><div class=\"sticky-wrapper\" data-id=\"wRY9HC\"><div class=\"guten-column-wrapper\">\n<div class=\"wp-block-gutenverse-image guten-element guten-image guten-bl5Cgd\"><a class=\"guten-image-wrapper\"><img loading=\"lazy\" decoding=\"async\" class=\"gutenverse-image-box-filled\" src=\"http:\/\/impact-startup.fr\/wp-content\/uploads\/2024\/02\/sainte-marie-2.png\" height=\"500\" width=\"885\"\/><\/a><\/div>\n<\/div><\/div><\/div>\n\n\n\n<div class=\"wp-block-gutenverse-column guten-element guten-column guten-P1IPgP\"><div class=\"guten-background-overlay\"><\/div><div class=\"sticky-wrapper\" data-id=\"P1IPgP\"><div class=\"guten-column-wrapper\">\n<div class=\"wp-block-gutenverse-image guten-element guten-image guten-K3VYgI\"><a class=\"guten-image-wrapper\"><img loading=\"lazy\" decoding=\"async\" class=\"gutenverse-image-box-filled\" src=\"http:\/\/impact-startup.fr\/wp-content\/uploads\/2024\/02\/ste-marie-2.png\" height=\"500\" width=\"885\"\/><\/a><\/div>\n<\/div><\/div><\/div>\n<\/div><\/section><\/div>\n\n\n\n<p>La future p\u00e9pini\u00e8re et espace de coworking d\u00e9di\u00e9 aux travailleurs nomades, au c\u0153ur m\u00eame du village de Sainte-Marie-La-Mer, repr\u00e9sente une initiative ambitieuse et visionnaire. Situ\u00e9e au sein d&rsquo;une cave ancestrale en cours de transformation, ce projet vise \u00e0 cr\u00e9er des espaces de travail modernes et chaleureux, harmonieusement int\u00e9gr\u00e9s au charme naturel de ce village du littoral.<\/p>\n\n\n\n<p>Cette p\u00e9pini\u00e8re sera sp\u00e9cialement con\u00e7ue pour accueillir des projets innovants en lien avec le tourisme, l&rsquo;outdoor, ainsi que l&rsquo;\u00e9conomie bleue, refl\u00e9tant ainsi la richesse et la diversit\u00e9 des opportunit\u00e9s offertes par notre territoire. Elle constituera un hub dynamique o\u00f9 les esprits cr\u00e9atifs pourront collaborer, \u00e9changer des id\u00e9es et concr\u00e9tiser leurs projets.<\/p>\n\n\n\n<p>En r\u00e9ponse \u00e0 la demande croissante des t\u00e9l\u00e9travailleurs et des entrepreneurs nomades en qu\u00eate d&rsquo;un environnement stimulant et inspirant en bord de mer, cette p\u00e9pini\u00e8re offrira un lieu id\u00e9al pour concilier travail et qualit\u00e9 de vie.<\/p>\n","protected":false},"excerpt":{"rendered":"<p>La future p\u00e9pini\u00e8re et espace de coworking d\u00e9di\u00e9 aux travailleurs nomades, au c\u0153ur m\u00eame du village de Sainte-Marie-La-Mer, repr\u00e9sente une initiative ambitieuse et visionnaire. Situ\u00e9e au sein d&rsquo;une cave ancestrale en cours de transformation, ce projet vise \u00e0 cr\u00e9er des espaces de travail modernes et chaleureux, harmonieusement int\u00e9gr\u00e9s au charme naturel de ce village du&hellip;&nbsp;<a href=\"https:\/\/impact-startup.fr\/index.php\/sainte-marie-la-mer\/\" class=\"\" rel=\"bookmark\">Lire la suite &raquo;<span class=\"screen-reader-text\">Sainte-Marie-La-Mer<\/span><\/a><\/p>\n","protected":false},"author":1,"featured_media":0,"parent":0,"menu_order":0,"comment_status":"closed","ping_status":"closed","template":"","meta":{"neve_meta_sidebar":"","neve_meta_container":"","neve_meta_enable_content_width":"","neve_meta_content_width":0,"neve_meta_title_alignment":"","neve_meta_author_avatar":"","neve_post_elements_order":"","neve_meta_disable_header":"","neve_meta_disable_footer":"","neve_meta_disable_title":"","_themeisle_gutenberg_block_has_review":false,"_ti_tpc_template_sync":false,"_ti_tpc_template_id":"","footnotes":""},"class_list":["post-801","page","type-page","status-publish","hentry"],"_links":{"self":[{"href":"https:\/\/impact-startup.fr\/index.php\/wp-json\/wp\/v2\/pages\/801","targetHints":{"allow":["GET"]}}],"collection":[{"href":"https:\/\/impact-startup.fr\/index.php\/wp-json\/wp\/v2\/pages"}],"about":[{"href":"https:\/\/impact-startup.fr\/index.php\/wp-json\/wp\/v2\/types\/page"}],"author":[{"embeddable":true,"href":"https:\/\/impact-startup.fr\/index.php\/wp-json\/wp\/v2\/users\/1"}],"replies":[{"embeddable":true,"href":"https:\/\/impact-startup.fr\/index.php\/wp-json\/wp\/v2\/comments?post=801"}],"version-history":[{"count":5,"href":"https:\/\/impact-startup.fr\/index.php\/wp-json\/wp\/v2\/pages\/801\/revisions"}],"predecessor-version":[{"id":1269,"href":"https:\/\/impact-startup.fr\/index.php\/wp-json\/wp\/v2\/pages\/801\/revisions\/1269"}],"wp:attachment":[{"href":"https:\/\/impact-startup.fr\/index.php\/wp-json\/wp\/v2\/media?parent=801"}],"curies":[{"name":"wp","href":"https:\/\/api.w.org\/{rel}","templated":true}]}}