{"id":797,"date":"2024-02-15T16:57:50","date_gmt":"2024-02-15T15:57:50","guid":{"rendered":"https:\/\/impact-startup.fr\/?page_id=797"},"modified":"2026-03-04T09:31:41","modified_gmt":"2026-03-04T08:31:41","slug":"rivesaltes","status":"publish","type":"page","link":"https:\/\/impact-startup.fr\/index.php\/rivesaltes\/","title":{"rendered":"Rivesaltes"},"content":{"rendered":"\n<div class=\"section-wrapper\" data-id=\"8pFGDv\"><section class=\"wp-block-gutenverse-section guten-element guten-section guten-8pFGDv layout-boxed align-stretch\"><div class=\"guten-background-overlay\"><\/div><div class=\"guten-shape-divider guten-shape-divider-top\"><\/div><div class=\"guten-shape-divider guten-shape-divider-bottom\"><\/div><div class=\"guten-container guten-column-gap-default\">\n<div class=\"wp-block-gutenverse-column guten-element guten-column guten-O0mHCm\"><div class=\"guten-background-overlay\"><\/div><div class=\"sticky-wrapper\" data-id=\"O0mHCm\"><div class=\"guten-column-wrapper\">\n<div class=\"wp-block-gutenverse-image guten-element guten-image guten-zP50mx\"><a class=\"guten-image-wrapper\"><img loading=\"lazy\" decoding=\"async\" class=\"gutenverse-image-box-filled\" src=\"http:\/\/impact-startup.fr\/wp-content\/uploads\/2024\/02\/hotel-entreprise-impact-2.png\" height=\"500\" width=\"885\"\/><\/a><\/div>\n<\/div><\/div><\/div>\n\n\n\n<div class=\"wp-block-gutenverse-column guten-element guten-column guten-FFM7CE\"><div class=\"guten-background-overlay\"><\/div><div class=\"sticky-wrapper\" data-id=\"FFM7CE\"><div class=\"guten-column-wrapper\">\n<div class=\"wp-block-gutenverse-image guten-element guten-image guten-ewgyt2\"><a class=\"guten-image-wrapper\"><img loading=\"lazy\" decoding=\"async\" class=\"gutenverse-image-box-filled\" src=\"http:\/\/impact-startup.fr\/wp-content\/uploads\/2024\/02\/hotel-entreprise-impact-3.png\" height=\"500\" width=\"885\"\/><\/a><\/div>\n<\/div><\/div><\/div>\n\n\n\n<div class=\"wp-block-gutenverse-column guten-element guten-column guten-A1DjDf\"><div class=\"guten-background-overlay\"><\/div><div class=\"sticky-wrapper\" data-id=\"A1DjDf\"><div class=\"guten-column-wrapper\">\n<div class=\"wp-block-gutenverse-image guten-element guten-image guten-S2cf2E\"><a class=\"guten-image-wrapper\"><img loading=\"lazy\" decoding=\"async\" class=\"gutenverse-image-box-filled\" src=\"http:\/\/impact-startup.fr\/wp-content\/uploads\/2024\/02\/hotel-entreprise-impact.png\" height=\"500\" width=\"885\"\/><\/a><\/div>\n<\/div><\/div><\/div>\n<\/div><\/section><\/div>\n\n\n\n<p>L&rsquo;H\u00f4tel d&rsquo;entreprises IMPACT, situ\u00e9 \u00e0 Rivesaltes, offre un environnement id\u00e9al pour les entreprises \u00e9voluant dans le domaine industriel et tertiaire. Gr\u00e2ce \u00e0 sa localisation strat\u00e9gique, \u00e0 proximit\u00e9 imm\u00e9diate de grands axes routiers et au c\u0153ur d&rsquo;un parc d&rsquo;entreprises dynamique, il constitue un choix de premier plan pour les soci\u00e9t\u00e9s en qu\u00eate de croissance.<\/p>\n\n\n\n<p>L&rsquo;H\u00f4tel d&rsquo;entreprises IMPACT repr\u00e9sente bien plus qu&rsquo;un simple espace de travail. En offrant une infrastructure adapt\u00e9e aux besoins sp\u00e9cifiques des entreprises industrielles et tertiaires, il se positionne comme un partenaire incontournable dans la r\u00e9ussite et la croissance des entreprises implant\u00e9es dans ces espaces.<\/p>\n\n\n\n<div class=\"guten-element guten-accordions guten-sPxG3m\">\n<div class=\"accordion-item active\"><div class=\"accordion-heading\"><div class=\"accordion-icon\"><span class=\"accordion-icon-open\"><i class=\"fas fa-minus\"><\/i><\/span><span class=\"accordion-icon-closed\"><i class=\"fas fa-plus\"><\/i><\/span><\/div><span class=\"accordion-text\">Infrastructure Adapt\u00e9e<\/span><\/div><div class=\"accordion-body\"><div class=\"accordion-content\">\n<p>L&rsquo;H\u00f4tel d&rsquo;entreprises IMPACT met \u00e0 disposition une gamme vari\u00e9e d&rsquo;espaces adapt\u00e9s aux besoins des entreprises en plein essor. Parmi ces infrastructures, on retrouve :<\/p>\n\n\n\n<ul class=\"wp-block-list\">\n<li>21 bureaux \u00e9quip\u00e9s de 35 m\u00b2, offrant un environnement professionnel et fonctionnel pour mener \u00e0 bien les activit\u00e9s quotidiennes.<\/li>\n\n\n\n<li>10 ateliers spacieux de 110 m\u00b2, fournissant aux entreprises industrielles un espace de travail d\u00e9di\u00e9 \u00e0 la production et \u00e0 la fabrication.<\/li>\n\n\n\n<li>Des salles de r\u00e9union bien \u00e9quip\u00e9es, comprenant une salle de 70 m\u00b2 et une autre de 35 m\u00b2, permettant aux \u00e9quipes de se r\u00e9unir et de collaborer efficacement.<\/li>\n\n\n\n<li>Une salle de d\u00e9jeuner avec terrasse, r\u00e9partie sur 70 m\u00b2, offrant un lieu convivial pour les pauses et les \u00e9changes informels entre coll\u00e8gues.<\/li>\n<\/ul>\n\n\n\n<p>La disponibilit\u00e9 des espaces se fait au gr\u00e9 des opportunit\u00e9s. Ainsi, nous vous invitons \u00e0 nous contacter afin de v\u00e9rifier la disponibilit\u00e9 des locaux. Votre demande sera ensuite examin\u00e9e lors d&rsquo;une commission d&rsquo;attribution.<\/p>\n<\/div><\/div><\/div>\n<\/div>\n\n\n\n<p><\/p>\n","protected":false},"excerpt":{"rendered":"<p>L&rsquo;H\u00f4tel d&rsquo;entreprises IMPACT, situ\u00e9 \u00e0 Rivesaltes, offre un environnement id\u00e9al pour les entreprises \u00e9voluant dans le domaine industriel et tertiaire. Gr\u00e2ce \u00e0 sa localisation strat\u00e9gique, \u00e0 proximit\u00e9 imm\u00e9diate de grands axes routiers et au c\u0153ur d&rsquo;un parc d&rsquo;entreprises dynamique, il constitue un choix de premier plan pour les soci\u00e9t\u00e9s en qu\u00eate de croissance. L&rsquo;H\u00f4tel d&rsquo;entreprises&hellip;&nbsp;<a href=\"https:\/\/impact-startup.fr\/index.php\/rivesaltes\/\" class=\"\" rel=\"bookmark\">Lire la suite &raquo;<span class=\"screen-reader-text\">Rivesaltes<\/span><\/a><\/p>\n","protected":false},"author":1,"featured_media":0,"parent":0,"menu_order":0,"comment_status":"closed","ping_status":"closed","template":"","meta":{"neve_meta_sidebar":"","neve_meta_container":"","neve_meta_enable_content_width":"","neve_meta_content_width":0,"neve_meta_title_alignment":"","neve_meta_author_avatar":"","neve_post_elements_order":"","neve_meta_disable_header":"","neve_meta_disable_footer":"","neve_meta_disable_title":"","_themeisle_gutenberg_block_has_review":false,"_ti_tpc_template_sync":false,"_ti_tpc_template_id":"","footnotes":""},"class_list":["post-797","page","type-page","status-publish","hentry"],"_links":{"self":[{"href":"https:\/\/impact-startup.fr\/index.php\/wp-json\/wp\/v2\/pages\/797","targetHints":{"allow":["GET"]}}],"collection":[{"href":"https:\/\/impact-startup.fr\/index.php\/wp-json\/wp\/v2\/pages"}],"about":[{"href":"https:\/\/impact-startup.fr\/index.php\/wp-json\/wp\/v2\/types\/page"}],"author":[{"embeddable":true,"href":"https:\/\/impact-startup.fr\/index.php\/wp-json\/wp\/v2\/users\/1"}],"replies":[{"embeddable":true,"href":"https:\/\/impact-startup.fr\/index.php\/wp-json\/wp\/v2\/comments?post=797"}],"version-history":[{"count":8,"href":"https:\/\/impact-startup.fr\/index.php\/wp-json\/wp\/v2\/pages\/797\/revisions"}],"predecessor-version":[{"id":1281,"href":"https:\/\/impact-startup.fr\/index.php\/wp-json\/wp\/v2\/pages\/797\/revisions\/1281"}],"wp:attachment":[{"href":"https:\/\/impact-startup.fr\/index.php\/wp-json\/wp\/v2\/media?parent=797"}],"curies":[{"name":"wp","href":"https:\/\/api.w.org\/{rel}","templated":true}]}}